
{"id":19768,"date":"2026-03-11T10:39:43","date_gmt":"2026-03-11T09:39:43","guid":{"rendered":"https:\/\/www.technomag.fr\/?post_type=product&#038;p=19768"},"modified":"2026-03-11T10:39:43","modified_gmt":"2026-03-11T09:39:43","slug":"redaction-publication-dun-article","status":"publish","type":"product","link":"https:\/\/www.technomag.fr\/en\/produit\/redaction-publication-dun-article\/","title":{"rendered":"R\u00e9daction + publication d\u2019un article"},"content":{"rendered":"<p class=\"p1\"><b>R\u00e9daction et publication d\u2019un article de blog \u2013 Promotion pour artistes et acteurs de la sc\u00e8ne musicale<\/b><b><\/b><\/p>\n<p class=\"p1\"><span class=\"s1\">Vous \u00eates <\/span><b>DJ, producteur, label, festival, club ou acteur de la sc\u00e8ne \u00e9lectronique<\/b><span class=\"s1\"> et vous souhaitez gagner en visibilit\u00e9 en ligne ?<\/span><\/p>\n<p class=\"p3\">Nous r\u00e9digeons et publions un <span class=\"s2\"><b>article d\u00e9di\u00e9 sur notre blog<\/b><\/span> afin de pr\u00e9senter votre projet, votre actualit\u00e9, votre \u00e9v\u00e9nement ou votre musique \u00e0 notre audience.<\/p>\n<p class=\"p3\">Notre \u00e9quipe se charge de :<\/p>\n<ul>\n<li>\n<p class=\"p1\"><span class=\"s1\">la <\/span><b>r\u00e9daction d\u2019un article professionnel<\/b><span class=\"s1\"> pr\u00e9sentant votre activit\u00e9<\/span><\/p>\n<\/li>\n<li>\n<p class=\"p1\">la <span class=\"s1\"><b>mise en avant de votre projet<\/b><\/span> (release, \u00e9v\u00e9nement, label, artiste\u2026)<\/p>\n<\/li>\n<li>\n<p class=\"p1\"><span class=\"s1\">l\u2019int\u00e9gration de <\/span><b>liens vers votre site, vos r\u00e9seaux ou vos plateformes musicales<\/b><\/p>\n<\/li>\n<\/ul>\n<p class=\"p3\">Les liens inclus dans l\u2019article sont <span class=\"s2\"><b>DoFollow<\/b><\/span>, ce qui peut contribuer \u00e0 <span class=\"s2\"><b>am\u00e9liorer votre r\u00e9f\u00e9rencement naturel (SEO)<\/b><\/span> et la visibilit\u00e9 de votre site dans les moteurs de recherche.<\/p>\n<p class=\"p3\">Cet article constitue \u00e9galement un <span class=\"s2\"><b>outil de promotion durable<\/b><\/span>, permettant de valoriser votre image et d\u2019attirer de nouveaux auditeurs, clients ou partenaires.<\/p>\n<p class=\"p1\"><b>Id\u00e9al pour :<\/b><b><\/b><\/p>\n<ul>\n<li>\n<p class=\"p1\">DJ et producteurs<\/p>\n<\/li>\n<li>\n<p class=\"p1\">labels musicaux<\/p>\n<\/li>\n<li>\n<p class=\"p1\">festivals et \u00e9v\u00e9nements<\/p>\n<\/li>\n<li>\n<p class=\"p1\">clubs et lieux musicaux<\/p>\n<\/li>\n<li>\n<p class=\"p1\">m\u00e9dias et projets li\u00e9s \u00e0 la musique \u00e9lectronique<\/p>\n<\/li>\n<\/ul>\n<p class=\"p1\"><span class=\"s1\">Profitez d\u2019un <\/span><b>contenu promotionnel de qualit\u00e9<\/b><span class=\"s1\">, publi\u00e9 sur notre blog, pour <\/span><b>d\u00e9velopper votre pr\u00e9sence en ligne et renforcer votre visibilit\u00e9 dans l\u2019\u00e9cosyst\u00e8me musical.<\/b><\/p>\n","protected":false},"excerpt":{"rendered":"<p class=\"p1\">Service de <span class=\"s1\"><b>r\u00e9daction et publication d\u2019un article de blog<\/b><\/span> pour promouvoir votre projet musical.<\/p>\n","protected":false},"featured_media":19771,"comment_status":"open","ping_status":"closed","template":"","meta":{"_acf_changed":false},"product_brand":[],"product_cat":[1482],"product_tag":[],"class_list":{"0":"post-19768","1":"product","2":"type-product","3":"status-publish","4":"has-post-thumbnail","6":"product_cat-non-classe","8":"first","9":"instock","10":"purchasable","11":"product-type-simple"},"acf":[],"yoast_head":"<!-- This site is optimized with the Yoast SEO plugin v27.5 - https:\/\/yoast.com\/product\/yoast-seo-wordpress\/ -->\n<title>R\u00e9daction + publication d\u2019un article | Techno Mag<\/title>\n<meta name=\"robots\" content=\"noindex, nofollow\" \/>\n<meta property=\"og:locale\" content=\"en_US\" \/>\n<meta property=\"og:type\" content=\"article\" \/>\n<meta property=\"og:title\" content=\"R\u00e9daction + publication d\u2019un article | Techno Mag\" \/>\n<meta property=\"og:description\" content=\"Service de r\u00e9daction et publication d\u2019un article de blog pour promouvoir votre projet musical.\" \/>\n<meta property=\"og:url\" content=\"https:\/\/www.technomag.fr\/produit\/redaction-publication-dun-article\/\" \/>\n<meta property=\"og:site_name\" content=\"Techno Mag\" \/>\n<meta property=\"og:image\" content=\"https:\/\/www.technomag.fr\/wp-content\/uploads\/2026\/03\/promo-blog-technomag.png\" \/>\n\t<meta property=\"og:image:width\" content=\"1024\" \/>\n\t<meta property=\"og:image:height\" content=\"1536\" \/>\n\t<meta property=\"og:image:type\" content=\"image\/png\" \/>\n<meta name=\"twitter:card\" content=\"summary_large_image\" \/>\n<meta name=\"twitter:label1\" content=\"Est. reading time\" \/>\n\t<meta name=\"twitter:data1\" content=\"2 minutes\" \/>\n<script type=\"application\/ld+json\" class=\"yoast-schema-graph\">{\"@context\":\"https:\\\/\\\/schema.org\",\"@graph\":[{\"@type\":\"WebPage\",\"@id\":\"https:\\\/\\\/www.technomag.fr\\\/produit\\\/redaction-publication-dun-article\\\/\",\"url\":\"https:\\\/\\\/www.technomag.fr\\\/produit\\\/redaction-publication-dun-article\\\/\",\"name\":\"R\u00e9daction + publication d\u2019un article | Techno Mag\",\"isPartOf\":{\"@id\":\"https:\\\/\\\/www.technomag.fr\\\/#website\"},\"primaryImageOfPage\":{\"@id\":\"https:\\\/\\\/www.technomag.fr\\\/produit\\\/redaction-publication-dun-article\\\/#primaryimage\"},\"image\":{\"@id\":\"https:\\\/\\\/www.technomag.fr\\\/produit\\\/redaction-publication-dun-article\\\/#primaryimage\"},\"thumbnailUrl\":\"https:\\\/\\\/www.technomag.fr\\\/wp-content\\\/uploads\\\/2026\\\/03\\\/promo-blog-technomag.png\",\"datePublished\":\"2026-03-11T09:39:43+00:00\",\"breadcrumb\":{\"@id\":\"https:\\\/\\\/www.technomag.fr\\\/produit\\\/redaction-publication-dun-article\\\/#breadcrumb\"},\"inLanguage\":\"en-US\",\"potentialAction\":[{\"@type\":\"ReadAction\",\"target\":[\"https:\\\/\\\/www.technomag.fr\\\/produit\\\/redaction-publication-dun-article\\\/\"]}]},{\"@type\":\"ImageObject\",\"inLanguage\":\"en-US\",\"@id\":\"https:\\\/\\\/www.technomag.fr\\\/produit\\\/redaction-publication-dun-article\\\/#primaryimage\",\"url\":\"https:\\\/\\\/www.technomag.fr\\\/wp-content\\\/uploads\\\/2026\\\/03\\\/promo-blog-technomag.png\",\"contentUrl\":\"https:\\\/\\\/www.technomag.fr\\\/wp-content\\\/uploads\\\/2026\\\/03\\\/promo-blog-technomag.png\",\"width\":1024,\"height\":1536},{\"@type\":\"BreadcrumbList\",\"@id\":\"https:\\\/\\\/www.technomag.fr\\\/produit\\\/redaction-publication-dun-article\\\/#breadcrumb\",\"itemListElement\":[{\"@type\":\"ListItem\",\"position\":1,\"name\":\"Accueil\",\"item\":\"https:\\\/\\\/www.technomag.fr\\\/en\\\/techno-magazine\\\/\"},{\"@type\":\"ListItem\",\"position\":2,\"name\":\"Boutique\",\"item\":\"https:\\\/\\\/www.technomag.fr\\\/boutique\\\/\"},{\"@type\":\"ListItem\",\"position\":3,\"name\":\"R\u00e9daction + publication d\u2019un article\"}]},{\"@type\":\"WebSite\",\"@id\":\"https:\\\/\\\/www.technomag.fr\\\/#website\",\"url\":\"https:\\\/\\\/www.technomag.fr\\\/\",\"name\":\"Techno Mag\",\"description\":\"Le magazine underground de r\u00e9f\u00e9rence pour la techno\",\"publisher\":{\"@id\":\"https:\\\/\\\/www.technomag.fr\\\/#organization\"},\"potentialAction\":[{\"@type\":\"SearchAction\",\"target\":{\"@type\":\"EntryPoint\",\"urlTemplate\":\"https:\\\/\\\/www.technomag.fr\\\/?s={search_term_string}\"},\"query-input\":{\"@type\":\"PropertyValueSpecification\",\"valueRequired\":true,\"valueName\":\"search_term_string\"}}],\"inLanguage\":\"en-US\"},{\"@type\":\"Organization\",\"@id\":\"https:\\\/\\\/www.technomag.fr\\\/#organization\",\"name\":\"Techno Mag\",\"url\":\"https:\\\/\\\/www.technomag.fr\\\/\",\"logo\":{\"@type\":\"ImageObject\",\"inLanguage\":\"en-US\",\"@id\":\"https:\\\/\\\/www.technomag.fr\\\/#\\\/schema\\\/logo\\\/image\\\/\",\"url\":\"https:\\\/\\\/www.technomag.fr\\\/wp-content\\\/uploads\\\/2023\\\/04\\\/TECHNO-e1681225415918.png\",\"contentUrl\":\"https:\\\/\\\/www.technomag.fr\\\/wp-content\\\/uploads\\\/2023\\\/04\\\/TECHNO-e1681225415918.png\",\"width\":500,\"height\":113,\"caption\":\"Techno Mag\"},\"image\":{\"@id\":\"https:\\\/\\\/www.technomag.fr\\\/#\\\/schema\\\/logo\\\/image\\\/\"}}]}<\/script>\n<!-- \/ Yoast SEO plugin. -->","yoast_head_json":{"title":"R\u00e9daction + publication d\u2019un article | Techno Mag","robots":{"index":"noindex","follow":"nofollow"},"og_locale":"en_US","og_type":"article","og_title":"R\u00e9daction + publication d\u2019un article | Techno Mag","og_description":"Service de r\u00e9daction et publication d\u2019un article de blog pour promouvoir votre projet musical.","og_url":"https:\/\/www.technomag.fr\/produit\/redaction-publication-dun-article\/","og_site_name":"Techno Mag","og_image":[{"width":1024,"height":1536,"url":"https:\/\/www.technomag.fr\/wp-content\/uploads\/2026\/03\/promo-blog-technomag.png","type":"image\/png"}],"twitter_card":"summary_large_image","twitter_misc":{"Est. reading time":"2 minutes"},"schema":{"@context":"https:\/\/schema.org","@graph":[{"@type":"WebPage","@id":"https:\/\/www.technomag.fr\/produit\/redaction-publication-dun-article\/","url":"https:\/\/www.technomag.fr\/produit\/redaction-publication-dun-article\/","name":"R\u00e9daction + publication d\u2019un article | Techno Mag","isPartOf":{"@id":"https:\/\/www.technomag.fr\/#website"},"primaryImageOfPage":{"@id":"https:\/\/www.technomag.fr\/produit\/redaction-publication-dun-article\/#primaryimage"},"image":{"@id":"https:\/\/www.technomag.fr\/produit\/redaction-publication-dun-article\/#primaryimage"},"thumbnailUrl":"https:\/\/www.technomag.fr\/wp-content\/uploads\/2026\/03\/promo-blog-technomag.png","datePublished":"2026-03-11T09:39:43+00:00","breadcrumb":{"@id":"https:\/\/www.technomag.fr\/produit\/redaction-publication-dun-article\/#breadcrumb"},"inLanguage":"en-US","potentialAction":[{"@type":"ReadAction","target":["https:\/\/www.technomag.fr\/produit\/redaction-publication-dun-article\/"]}]},{"@type":"ImageObject","inLanguage":"en-US","@id":"https:\/\/www.technomag.fr\/produit\/redaction-publication-dun-article\/#primaryimage","url":"https:\/\/www.technomag.fr\/wp-content\/uploads\/2026\/03\/promo-blog-technomag.png","contentUrl":"https:\/\/www.technomag.fr\/wp-content\/uploads\/2026\/03\/promo-blog-technomag.png","width":1024,"height":1536},{"@type":"BreadcrumbList","@id":"https:\/\/www.technomag.fr\/produit\/redaction-publication-dun-article\/#breadcrumb","itemListElement":[{"@type":"ListItem","position":1,"name":"Accueil","item":"https:\/\/www.technomag.fr\/en\/techno-magazine\/"},{"@type":"ListItem","position":2,"name":"Boutique","item":"https:\/\/www.technomag.fr\/boutique\/"},{"@type":"ListItem","position":3,"name":"R\u00e9daction + publication d\u2019un article"}]},{"@type":"WebSite","@id":"https:\/\/www.technomag.fr\/#website","url":"https:\/\/www.technomag.fr\/","name":"Techno Mag","description":"Le magazine underground de r\u00e9f\u00e9rence pour la techno","publisher":{"@id":"https:\/\/www.technomag.fr\/#organization"},"potentialAction":[{"@type":"SearchAction","target":{"@type":"EntryPoint","urlTemplate":"https:\/\/www.technomag.fr\/?s={search_term_string}"},"query-input":{"@type":"PropertyValueSpecification","valueRequired":true,"valueName":"search_term_string"}}],"inLanguage":"en-US"},{"@type":"Organization","@id":"https:\/\/www.technomag.fr\/#organization","name":"Techno Mag","url":"https:\/\/www.technomag.fr\/","logo":{"@type":"ImageObject","inLanguage":"en-US","@id":"https:\/\/www.technomag.fr\/#\/schema\/logo\/image\/","url":"https:\/\/www.technomag.fr\/wp-content\/uploads\/2023\/04\/TECHNO-e1681225415918.png","contentUrl":"https:\/\/www.technomag.fr\/wp-content\/uploads\/2023\/04\/TECHNO-e1681225415918.png","width":500,"height":113,"caption":"Techno Mag"},"image":{"@id":"https:\/\/www.technomag.fr\/#\/schema\/logo\/image\/"}}]}},"_links":{"self":[{"href":"https:\/\/www.technomag.fr\/en\/wp-json\/wp\/v2\/product\/19768","targetHints":{"allow":["GET"]}}],"collection":[{"href":"https:\/\/www.technomag.fr\/en\/wp-json\/wp\/v2\/product"}],"about":[{"href":"https:\/\/www.technomag.fr\/en\/wp-json\/wp\/v2\/types\/product"}],"replies":[{"embeddable":true,"href":"https:\/\/www.technomag.fr\/en\/wp-json\/wp\/v2\/comments?post=19768"}],"wp:featuredmedia":[{"embeddable":true,"href":"https:\/\/www.technomag.fr\/en\/wp-json\/wp\/v2\/media\/19771"}],"wp:attachment":[{"href":"https:\/\/www.technomag.fr\/en\/wp-json\/wp\/v2\/media?parent=19768"}],"wp:term":[{"taxonomy":"product_brand","embeddable":true,"href":"https:\/\/www.technomag.fr\/en\/wp-json\/wp\/v2\/product_brand?post=19768"},{"taxonomy":"product_cat","embeddable":true,"href":"https:\/\/www.technomag.fr\/en\/wp-json\/wp\/v2\/product_cat?post=19768"},{"taxonomy":"product_tag","embeddable":true,"href":"https:\/\/www.technomag.fr\/en\/wp-json\/wp\/v2\/product_tag?post=19768"}],"curies":[{"name":"wp","href":"https:\/\/api.w.org\/{rel}","templated":true}]}}